{"id":628340,"date":"2026-04-03T09:57:38","date_gmt":"2026-04-03T07:57:38","guid":{"rendered":"https:\/\/kristshop.com\/product\/bourges-hotel-jacques-caaeoeur-krst013-1865\/"},"modified":"2026-04-03T09:57:43","modified_gmt":"2026-04-03T07:57:43","slug":"bourges-hotel-jacques-caaeoeur-krst013-1865","status":"publish","type":"product","link":"https:\/\/kristshop.com\/it\/product\/bourges-hotel-jacques-caaeoeur-krst013-1865\/","title":{"rendered":"Bourges &#8211; H\u00f4tel Jacques C\u00c5\u00e2\u20ac\u0153ur [KRST013-1865"},"content":{"rendered":"<\/p>\n<p><font size=\"4\">Vraag naar de scan van de achterzijde als deze ontbreekt<\/p>\n<p><\/br><\/p>\n<p> Ask for the scan from the back if it is missing<\/p>\n<p><\/font><br \/>\n<\/p>\n<p><b><font size=\"4\">niet goed geld terug<\/font><\/b><\/p>\n<p>verzendkosten blijven voor rekening koper<\/p>\n<p><b><font size=\"4\">money back garanty<\/font>,&nbsp;<\/b><\/p>\n<p>except shipmentcosts<\/p>\n<p> <\/p>\n<p><\/p>\n<p> &nbsp;<\/p>\n","protected":false},"excerpt":{"rendered":"<p>Bourges &#8211; H\u00f4tel Jacques C\u00c5\u00e2\u20ac\u0153ur<\/p>\n","protected":false},"featured_media":628339,"template":"","meta":[],"product_brand":[],"product_cat":[56650],"product_tag":[26987,58705],"class_list":{"0":"post-628340","1":"product","2":"type-product","3":"status-publish","4":"has-post-thumbnail","6":"product_cat-frankrijk","7":"product_tag-bourges","8":"product_tag-hotel-jacques-caaeoeur","10":"first","11":"instock","12":"shipping-taxable","13":"purchasable","14":"product-type-simple","15":"add-to-wishlist-after_add_to_cart"},"_links":{"self":[{"href":"https:\/\/kristshop.com\/it\/wp-json\/wp\/v2\/product\/628340","targetHints":{"allow":["GET"]}}],"collection":[{"href":"https:\/\/kristshop.com\/it\/wp-json\/wp\/v2\/product"}],"about":[{"href":"https:\/\/kristshop.com\/it\/wp-json\/wp\/v2\/types\/product"}],"wp:featuredmedia":[{"embeddable":true,"href":"https:\/\/kristshop.com\/it\/wp-json\/wp\/v2\/media\/628339"}],"wp:attachment":[{"href":"https:\/\/kristshop.com\/it\/wp-json\/wp\/v2\/media?parent=628340"}],"wp:term":[{"taxonomy":"product_brand","embeddable":true,"href":"https:\/\/kristshop.com\/it\/wp-json\/wp\/v2\/product_brand?post=628340"},{"taxonomy":"product_cat","embeddable":true,"href":"https:\/\/kristshop.com\/it\/wp-json\/wp\/v2\/product_cat?post=628340"},{"taxonomy":"product_tag","embeddable":true,"href":"https:\/\/kristshop.com\/it\/wp-json\/wp\/v2\/product_tag?post=628340"}],"curies":[{"name":"wp","href":"https:\/\/api.w.org\/{rel}","templated":true}]}}