{"id":619970,"date":"2026-03-23T22:29:53","date_gmt":"2026-03-23T20:29:53","guid":{"rendered":"https:\/\/kristshop.com\/product\/budapest-kilaatas-a-gellerthegyrol-az-erzsebet-hiddal-012-8021\/"},"modified":"2026-03-23T22:29:58","modified_gmt":"2026-03-23T20:29:58","slug":"budapest-kilaatas-a-gellerthegyrol-az-erzsebet-hiddal-012-8021","status":"publish","type":"product","link":"https:\/\/kristshop.com\/it\/product\/budapest-kilaatas-a-gellerthegyrol-az-erzsebet-hiddal-012-8021\/","title":{"rendered":"Budapest &#8211; Kila\u00e1t\u00e1s a Gell\u00e9rthegyr\u00f6l az Erzs\u00e9bet-hiddal [012-8021"},"content":{"rendered":"<\/p>\n<p> Klein formaat <\/p>\n<p><font size=\"4\">Vraag naar de scan van de achterzijde als deze ontbreekt<\/p>\n<p><\/br><\/p>\n<p> Ask for the scan from the back if it is missing<\/p>\n<p><\/font><br \/>\n<\/p>\n<p><b><font size=\"4\">niet goed geld terug<\/font><\/b><\/p>\n<p>verzendkosten blijven voor rekening koper<\/p>\n<p><b><font size=\"4\">money back garanty<\/font>,&nbsp;<\/b><\/p>\n<p>except shipmentcosts<\/p>\n<p> <\/p>\n<p><\/p>\n<p> &nbsp;<\/p>\n","protected":false},"excerpt":{"rendered":"<p>Budapest &#8211; Kila\u00e1t\u00e1s a Gell\u00e9rthegyr\u00f6l az Erzs\u00e9bet-hiddal<\/p>\n","protected":false},"featured_media":619969,"template":"","meta":[],"product_brand":[],"product_cat":[56679],"product_tag":[56792],"class_list":{"0":"post-619970","1":"product","2":"type-product","3":"status-publish","4":"has-post-thumbnail","6":"product_cat-hongarije","7":"product_tag-kilaatas-a-gellerthegyrol-az-erzsebet-hiddal","9":"first","10":"instock","11":"shipping-taxable","12":"purchasable","13":"product-type-simple","14":"add-to-wishlist-after_add_to_cart"},"_links":{"self":[{"href":"https:\/\/kristshop.com\/it\/wp-json\/wp\/v2\/product\/619970","targetHints":{"allow":["GET"]}}],"collection":[{"href":"https:\/\/kristshop.com\/it\/wp-json\/wp\/v2\/product"}],"about":[{"href":"https:\/\/kristshop.com\/it\/wp-json\/wp\/v2\/types\/product"}],"wp:featuredmedia":[{"embeddable":true,"href":"https:\/\/kristshop.com\/it\/wp-json\/wp\/v2\/media\/619969"}],"wp:attachment":[{"href":"https:\/\/kristshop.com\/it\/wp-json\/wp\/v2\/media?parent=619970"}],"wp:term":[{"taxonomy":"product_brand","embeddable":true,"href":"https:\/\/kristshop.com\/it\/wp-json\/wp\/v2\/product_brand?post=619970"},{"taxonomy":"product_cat","embeddable":true,"href":"https:\/\/kristshop.com\/it\/wp-json\/wp\/v2\/product_cat?post=619970"},{"taxonomy":"product_tag","embeddable":true,"href":"https:\/\/kristshop.com\/it\/wp-json\/wp\/v2\/product_tag?post=619970"}],"curies":[{"name":"wp","href":"https:\/\/api.w.org\/{rel}","templated":true}]}}