{"id":550027,"date":"2026-02-23T19:46:02","date_gmt":"2026-02-23T17:46:02","guid":{"rendered":"https:\/\/kristshop.com\/product\/vianden-le-chateau-vu-de-belvedere-009-5633\/"},"modified":"2026-03-18T12:34:04","modified_gmt":"2026-03-18T10:34:04","slug":"vianden-le-chateau-vu-de-belvedere-009-5633","status":"publish","type":"product","link":"https:\/\/kristshop.com\/it\/product\/vianden-le-chateau-vu-de-belvedere-009-5633\/","title":{"rendered":"Vianden &#8211; le Ch\u00e2teau vu de Belv\u00e9d\u00e8re   [009-5633"},"content":{"rendered":"<\/p>\n<p> <\/p>\n<p><font size=\"4\">Vraag naar de scan van de achterzijde als deze ontbreekt<\/p>\n<p><\/br><\/p>\n<p> Ask for the scan from the back if it is missing<\/p>\n<p><\/font><br \/>\n<\/p>\n<p><b><font size=\"4\">niet goed geld terug<\/font><\/b><\/p>\n<p>verzendkosten blijven voor rekening koper<\/p>\n<p><b><font size=\"4\">money back garanty<\/font>,&nbsp;<\/b><\/p>\n<p>except shipmentcosts<\/p>\n<p> <\/p>\n<p><\/p>\n<p> &nbsp;<\/p>\n","protected":false},"excerpt":{"rendered":"<p>Vianden &#8211; le Ch\u00e2teau vu de Belv\u00e9d\u00e8re<\/p>\n","protected":false},"featured_media":550026,"template":"","meta":[],"product_brand":[],"product_cat":[56626],"product_tag":[40918,26673],"class_list":{"0":"post-550027","1":"product","2":"type-product","3":"status-publish","4":"has-post-thumbnail","6":"product_cat-luxemburg","7":"product_tag-le-chateau-vu-de-belvedere","8":"product_tag-vianden","10":"first","11":"instock","12":"shipping-taxable","13":"purchasable","14":"product-type-simple","15":"add-to-wishlist-after_add_to_cart"},"_links":{"self":[{"href":"https:\/\/kristshop.com\/it\/wp-json\/wp\/v2\/product\/550027","targetHints":{"allow":["GET"]}}],"collection":[{"href":"https:\/\/kristshop.com\/it\/wp-json\/wp\/v2\/product"}],"about":[{"href":"https:\/\/kristshop.com\/it\/wp-json\/wp\/v2\/types\/product"}],"wp:featuredmedia":[{"embeddable":true,"href":"https:\/\/kristshop.com\/it\/wp-json\/wp\/v2\/media\/550026"}],"wp:attachment":[{"href":"https:\/\/kristshop.com\/it\/wp-json\/wp\/v2\/media?parent=550027"}],"wp:term":[{"taxonomy":"product_brand","embeddable":true,"href":"https:\/\/kristshop.com\/it\/wp-json\/wp\/v2\/product_brand?post=550027"},{"taxonomy":"product_cat","embeddable":true,"href":"https:\/\/kristshop.com\/it\/wp-json\/wp\/v2\/product_cat?post=550027"},{"taxonomy":"product_tag","embeddable":true,"href":"https:\/\/kristshop.com\/it\/wp-json\/wp\/v2\/product_tag?post=550027"}],"curies":[{"name":"wp","href":"https:\/\/api.w.org\/{rel}","templated":true}]}}