{"id":545983,"date":"2026-02-23T16:44:55","date_gmt":"2026-02-23T14:44:55","guid":{"rendered":"https:\/\/kristshop.com\/product\/geneve-le-theatre-009-3834\/"},"modified":"2026-03-18T12:20:42","modified_gmt":"2026-03-18T10:20:42","slug":"geneve-le-theatre-009-3834","status":"publish","type":"product","link":"https:\/\/kristshop.com\/it\/product\/geneve-le-theatre-009-3834\/","title":{"rendered":"Gen\u00e8ve &#8211; Le Th\u00e9\u00e2tre   [009-3834"},"content":{"rendered":"<\/p>\n<p> <\/p>\n<p><font size=\"4\">Vraag naar de scan van de achterzijde als deze ontbreekt<\/p>\n<p><\/br><\/p>\n<p> Ask for the scan from the back if it is missing<\/p>\n<p><\/font><br \/>\n<\/p>\n<p><b><font size=\"4\">niet goed geld terug<\/font><\/b><\/p>\n<p>verzendkosten blijven voor rekening koper<\/p>\n<p><b><font size=\"4\">money back garanty<\/font>,&nbsp;<\/b><\/p>\n<p>except shipmentcosts<\/p>\n<p> <\/p>\n<p><\/p>\n<p> &nbsp;<\/p>\n","protected":false},"excerpt":{"rendered":"<p>Gen\u00e8ve &#8211; Le Th\u00e9\u00e2tre<\/p>\n","protected":false},"featured_media":545982,"template":"","meta":[],"product_brand":[],"product_cat":[56625],"product_tag":[27568],"class_list":{"0":"post-545983","1":"product","2":"type-product","3":"status-publish","4":"has-post-thumbnail","6":"product_cat-zwitserland","7":"product_tag-le-theatre","9":"first","10":"instock","11":"shipping-taxable","12":"purchasable","13":"product-type-simple","14":"add-to-wishlist-after_add_to_cart"},"_links":{"self":[{"href":"https:\/\/kristshop.com\/it\/wp-json\/wp\/v2\/product\/545983","targetHints":{"allow":["GET"]}}],"collection":[{"href":"https:\/\/kristshop.com\/it\/wp-json\/wp\/v2\/product"}],"about":[{"href":"https:\/\/kristshop.com\/it\/wp-json\/wp\/v2\/types\/product"}],"wp:featuredmedia":[{"embeddable":true,"href":"https:\/\/kristshop.com\/it\/wp-json\/wp\/v2\/media\/545982"}],"wp:attachment":[{"href":"https:\/\/kristshop.com\/it\/wp-json\/wp\/v2\/media?parent=545983"}],"wp:term":[{"taxonomy":"product_brand","embeddable":true,"href":"https:\/\/kristshop.com\/it\/wp-json\/wp\/v2\/product_brand?post=545983"},{"taxonomy":"product_cat","embeddable":true,"href":"https:\/\/kristshop.com\/it\/wp-json\/wp\/v2\/product_cat?post=545983"},{"taxonomy":"product_tag","embeddable":true,"href":"https:\/\/kristshop.com\/it\/wp-json\/wp\/v2\/product_tag?post=545983"}],"curies":[{"name":"wp","href":"https:\/\/api.w.org\/{rel}","templated":true}]}}