{"id":586161,"date":"2026-03-07T12:16:31","date_gmt":"2026-03-07T10:16:31","guid":{"rendered":"https:\/\/kristshop.com\/product\/environs-de-dinant-vue-sur-bouvignes-et-les-ruines-de-creve-caaeoeur-krst011-3407\/"},"modified":"2026-03-18T09:53:09","modified_gmt":"2026-03-18T07:53:09","slug":"environs-de-dinant-vue-sur-bouvignes-et-les-ruines-de-creve-caaeoeur-krst011-3407","status":"publish","type":"product","link":"https:\/\/kristshop.com\/fr\/product\/environs-de-dinant-vue-sur-bouvignes-et-les-ruines-de-creve-caaeoeur-krst011-3407\/","title":{"rendered":"Environs de Dinant &#8211; Vue sur Bouvignes et les Ruines de Cr\u00e8ve-C\u00c5\u00e0\u20ac\u0153ur [KRST011-3407"},"content":{"rendered":"<\/p>\n<p> Klein formaat <\/p>\n<p><font size=\"4\">Vraag naar de scan van de achterzijde als deze ontbreekt<\/p>\n<p><\/br><\/p>\n<p> Ask for the scan from the back if it is missing<\/p>\n<p><\/font><br \/>\n<\/p>\n<p><b><font size=\"4\">niet goed geld terug<\/font><\/b><\/p>\n<p>verzendkosten blijven voor rekening koper<\/p>\n<p><b><font size=\"4\">money back garanty<\/font>,&nbsp;<\/b><\/p>\n<p>except shipmentcosts<\/p>\n<p> <\/p>\n<p><\/p>\n<p> &nbsp;<\/p>\n","protected":false},"excerpt":{"rendered":"<p>Environs de Dinant &#8211; Vue sur Bouvignes et les Ruines de Cr\u00e8ve-C\u00c5\u00e0\u20ac\u0153ur<\/p>\n","protected":false},"featured_media":586160,"template":"","meta":[],"product_brand":[],"product_cat":[56620],"product_tag":[48888,48889],"class_list":{"0":"post-586161","1":"product","2":"type-product","3":"status-publish","4":"has-post-thumbnail","6":"product_cat-belgie","7":"product_tag-environs-de-dinant","8":"product_tag-vue-sur-bouvignes-et-les-ruines-de-creve-caaeoeur","10":"first","11":"instock","12":"shipping-taxable","13":"purchasable","14":"product-type-simple","15":"add-to-wishlist-after_add_to_cart"},"_links":{"self":[{"href":"https:\/\/kristshop.com\/fr\/wp-json\/wp\/v2\/product\/586161","targetHints":{"allow":["GET"]}}],"collection":[{"href":"https:\/\/kristshop.com\/fr\/wp-json\/wp\/v2\/product"}],"about":[{"href":"https:\/\/kristshop.com\/fr\/wp-json\/wp\/v2\/types\/product"}],"wp:featuredmedia":[{"embeddable":true,"href":"https:\/\/kristshop.com\/fr\/wp-json\/wp\/v2\/media\/586160"}],"wp:attachment":[{"href":"https:\/\/kristshop.com\/fr\/wp-json\/wp\/v2\/media?parent=586161"}],"wp:term":[{"taxonomy":"product_brand","embeddable":true,"href":"https:\/\/kristshop.com\/fr\/wp-json\/wp\/v2\/product_brand?post=586161"},{"taxonomy":"product_cat","embeddable":true,"href":"https:\/\/kristshop.com\/fr\/wp-json\/wp\/v2\/product_cat?post=586161"},{"taxonomy":"product_tag","embeddable":true,"href":"https:\/\/kristshop.com\/fr\/wp-json\/wp\/v2\/product_tag?post=586161"}],"curies":[{"name":"wp","href":"https:\/\/api.w.org\/{rel}","templated":true}]}}