{"id":467275,"date":"2026-02-06T22:22:53","date_gmt":"2026-02-06T20:22:53","guid":{"rendered":"https:\/\/kristshop.com\/product\/route-des-alpes-site-celebre-de-la-casse-deserte-krst005-3211\/"},"modified":"2026-03-18T19:28:09","modified_gmt":"2026-03-18T17:28:09","slug":"route-des-alpes-site-celebre-de-la-casse-deserte-krst005-3211","status":"publish","type":"product","link":"https:\/\/kristshop.com\/fr\/product\/route-des-alpes-site-celebre-de-la-casse-deserte-krst005-3211\/","title":{"rendered":"Route des Alpes &#8211; Site c\u00e9l\u00e8bre de la Casse D\u00e9serte [KRST005-3211"},"content":{"rendered":"<\/p>\n<p> <\/p>\n<p><font size=\"4\">Vraag naar de scan van de achterzijde als deze ontbreekt<\/p>\n<p><\/br><\/p>\n<p> Ask for the scan from the back if it is missing<\/p>\n<p><\/font><br \/>\n<\/p>\n<p><b><font size=\"4\">niet goed geld terug<\/font><\/b><\/p>\n<p>verzendkosten blijven voor rekening koper<\/p>\n<p><b><font size=\"4\">money back garanty<\/font>,&nbsp;<\/b><\/p>\n<p>except shipmentcosts<\/p>\n<p> <\/p>\n<p><\/p>\n<p> &nbsp;<\/p>\n","protected":false},"excerpt":{"rendered":"<p>Route des Alpes &#8211; Site c\u00e9l\u00e8bre de la Casse D\u00e9serte <\/p>\n","protected":false},"featured_media":467274,"template":"","meta":[],"product_brand":[],"product_cat":[56650],"product_tag":[26751,26842],"class_list":{"0":"post-467275","1":"product","2":"type-product","3":"status-publish","4":"has-post-thumbnail","6":"product_cat-frankrijk","7":"product_tag-route-des-alpes","8":"product_tag-site-celebre-de-la-casse-deserte","10":"first","11":"instock","12":"shipping-taxable","13":"purchasable","14":"product-type-simple","15":"add-to-wishlist-after_add_to_cart"},"_links":{"self":[{"href":"https:\/\/kristshop.com\/fr\/wp-json\/wp\/v2\/product\/467275","targetHints":{"allow":["GET"]}}],"collection":[{"href":"https:\/\/kristshop.com\/fr\/wp-json\/wp\/v2\/product"}],"about":[{"href":"https:\/\/kristshop.com\/fr\/wp-json\/wp\/v2\/types\/product"}],"wp:featuredmedia":[{"embeddable":true,"href":"https:\/\/kristshop.com\/fr\/wp-json\/wp\/v2\/media\/467274"}],"wp:attachment":[{"href":"https:\/\/kristshop.com\/fr\/wp-json\/wp\/v2\/media?parent=467275"}],"wp:term":[{"taxonomy":"product_brand","embeddable":true,"href":"https:\/\/kristshop.com\/fr\/wp-json\/wp\/v2\/product_brand?post=467275"},{"taxonomy":"product_cat","embeddable":true,"href":"https:\/\/kristshop.com\/fr\/wp-json\/wp\/v2\/product_cat?post=467275"},{"taxonomy":"product_tag","embeddable":true,"href":"https:\/\/kristshop.com\/fr\/wp-json\/wp\/v2\/product_tag?post=467275"}],"curies":[{"name":"wp","href":"https:\/\/api.w.org\/{rel}","templated":true}]}}