{"id":590067,"date":"2026-03-07T15:18:20","date_gmt":"2026-03-07T13:18:20","guid":{"rendered":"https:\/\/kristshop.com\/product\/goteborg-motiv-franan-tradgardsforeningen-krst011-4884\/"},"modified":"2026-03-18T10:09:26","modified_gmt":"2026-03-18T08:09:26","slug":"goteborg-motiv-franan-tradgardsforeningen-krst011-4884","status":"publish","type":"product","link":"https:\/\/kristshop.com\/en\/product\/goteborg-motiv-franan-tradgardsforeningen-krst011-4884\/","title":{"rendered":"G\u00f6teborg &#8211; Motiv fran\u00e5n Tr\u00e4dg\u00e5rdsf\u00f6reningen  [KRST011-4884"},"content":{"rendered":"<\/p>\n<p> Klein formaat <\/p>\n<p><font size=\"4\">Vraag naar de scan van de achterzijde als deze ontbreekt<\/p>\n<p><\/br><\/p>\n<p> Ask for the scan from the back if it is missing<\/p>\n<p><\/font><br \/>\n<\/p>\n<p><b><font size=\"4\">niet goed geld terug<\/font><\/b><\/p>\n<p>verzendkosten blijven voor rekening koper<\/p>\n<p><b><font size=\"4\">money back garanty<\/font>,&nbsp;<\/b><\/p>\n<p>except shipmentcosts<\/p>\n<p> <\/p>\n<p><\/p>\n<p> &nbsp;<\/p>\n","protected":false},"excerpt":{"rendered":"<p>G\u00f6teborg &#8211; Motiv fran\u00e5n Tr\u00e4dg\u00e5rdsf\u00f6reningen<\/p>\n","protected":false},"featured_media":590066,"template":"","meta":[],"product_brand":[],"product_cat":[56629],"product_tag":[32184,49848],"class_list":{"0":"post-590067","1":"product","2":"type-product","3":"status-publish","4":"has-post-thumbnail","6":"product_cat-denemarken","7":"product_tag-goteborg","8":"product_tag-motiv-franan-tradgardsforeningen","10":"first","11":"instock","12":"shipping-taxable","13":"purchasable","14":"product-type-simple","15":"add-to-wishlist-after_add_to_cart"},"_links":{"self":[{"href":"https:\/\/kristshop.com\/en\/wp-json\/wp\/v2\/product\/590067","targetHints":{"allow":["GET"]}}],"collection":[{"href":"https:\/\/kristshop.com\/en\/wp-json\/wp\/v2\/product"}],"about":[{"href":"https:\/\/kristshop.com\/en\/wp-json\/wp\/v2\/types\/product"}],"wp:featuredmedia":[{"embeddable":true,"href":"https:\/\/kristshop.com\/en\/wp-json\/wp\/v2\/media\/590066"}],"wp:attachment":[{"href":"https:\/\/kristshop.com\/en\/wp-json\/wp\/v2\/media?parent=590067"}],"wp:term":[{"taxonomy":"product_brand","embeddable":true,"href":"https:\/\/kristshop.com\/en\/wp-json\/wp\/v2\/product_brand?post=590067"},{"taxonomy":"product_cat","embeddable":true,"href":"https:\/\/kristshop.com\/en\/wp-json\/wp\/v2\/product_cat?post=590067"},{"taxonomy":"product_tag","embeddable":true,"href":"https:\/\/kristshop.com\/en\/wp-json\/wp\/v2\/product_tag?post=590067"}],"curies":[{"name":"wp","href":"https:\/\/api.w.org\/{rel}","templated":true}]}}