{"id":490946,"date":"2026-02-07T20:14:16","date_gmt":"2026-02-07T18:14:16","guid":{"rendered":"https:\/\/kristshop.com\/product\/monaco-vue-generale-de-la-principaute-krst007-5377\/"},"modified":"2026-03-18T12:06:47","modified_gmt":"2026-03-18T10:06:47","slug":"monaco-vue-generale-de-la-principaute-krst007-5377","status":"publish","type":"product","link":"https:\/\/kristshop.com\/de\/product\/monaco-vue-generale-de-la-principaute-krst007-5377\/","title":{"rendered":"Monaco &#8211; Vue G\u00e8n\u00e8rale de la Principaut\u00e8  [KRST007-5377"},"content":{"rendered":"<\/p>\n<p> <\/p>\n<p><font size=\"4\">Vraag naar de scan van de achterzijde als deze ontbreekt<\/p>\n<p><\/br><\/p>\n<p> Ask for the scan from the back if it is missing<\/p>\n<p><\/font><br \/>\n<\/p>\n<p><b><font size=\"4\">niet goed geld terug<\/font><\/b><\/p>\n<p>verzendkosten blijven voor rekening koper<\/p>\n<p><b><font size=\"4\">money back garanty<\/font>,&nbsp;<\/b><\/p>\n<p>except shipmentcosts<\/p>\n<p> <\/p>\n<p><\/p>\n<p> &nbsp;<\/p>\n","protected":false},"excerpt":{"rendered":"<p>Monaco &#8211; Vue G\u00e8n\u00e8rale de la Principaut\u00e8  <\/p>\n","protected":false},"featured_media":490945,"template":"","meta":[],"product_brand":[],"product_cat":[56628],"product_tag":[],"class_list":{"0":"post-490946","1":"product","2":"type-product","3":"status-publish","4":"has-post-thumbnail","6":"product_cat-monaco","8":"first","9":"instock","10":"shipping-taxable","11":"purchasable","12":"product-type-simple","13":"add-to-wishlist-after_add_to_cart"},"_links":{"self":[{"href":"https:\/\/kristshop.com\/de\/wp-json\/wp\/v2\/product\/490946","targetHints":{"allow":["GET"]}}],"collection":[{"href":"https:\/\/kristshop.com\/de\/wp-json\/wp\/v2\/product"}],"about":[{"href":"https:\/\/kristshop.com\/de\/wp-json\/wp\/v2\/types\/product"}],"wp:featuredmedia":[{"embeddable":true,"href":"https:\/\/kristshop.com\/de\/wp-json\/wp\/v2\/media\/490945"}],"wp:attachment":[{"href":"https:\/\/kristshop.com\/de\/wp-json\/wp\/v2\/media?parent=490946"}],"wp:term":[{"taxonomy":"product_brand","embeddable":true,"href":"https:\/\/kristshop.com\/de\/wp-json\/wp\/v2\/product_brand?post=490946"},{"taxonomy":"product_cat","embeddable":true,"href":"https:\/\/kristshop.com\/de\/wp-json\/wp\/v2\/product_cat?post=490946"},{"taxonomy":"product_tag","embeddable":true,"href":"https:\/\/kristshop.com\/de\/wp-json\/wp\/v2\/product_tag?post=490946"}],"curies":[{"name":"wp","href":"https:\/\/api.w.org\/{rel}","templated":true}]}}