{"id":460397,"date":"2026-02-05T20:00:58","date_gmt":"2026-02-05T18:00:58","guid":{"rendered":"https:\/\/kristshop.com\/product\/kirkan-sedd-fran-akero-leksand-krst005-0473\/"},"modified":"2026-03-18T11:02:46","modified_gmt":"2026-03-18T09:02:46","slug":"kirkan-sedd-fran-akero-leksand-krst005-0473","status":"publish","type":"product","link":"https:\/\/kristshop.com\/de\/product\/kirkan-sedd-fran-akero-leksand-krst005-0473\/","title":{"rendered":"Kirkan sedd fr\u00e5n \u00c5ker\u00f6 &#8211; Leksand [KRST005-0473"},"content":{"rendered":"<\/p>\n<p> <\/p>\n<p><font size=\"4\">Vraag naar de scan van de achterzijde als deze ontbreekt<\/p>\n<p><\/br><\/p>\n<p> Ask for the scan from the back if it is missing<\/p>\n<p><\/font><br \/>\n<\/p>\n<p><b><font size=\"4\">niet goed geld terug<\/font><\/b><\/p>\n<p>verzendkosten blijven voor rekening koper<\/p>\n<p><b><font size=\"4\">money back garanty<\/font>,&nbsp;<\/b><\/p>\n<p>except shipmentcosts<\/p>\n<p> <\/p>\n<p><\/p>\n<p> &nbsp;<\/p>\n","protected":false},"excerpt":{"rendered":"<p>Kirkan sedd fr\u00e5n \u00c5ker\u00f6 &#8211; Leksand <\/p>\n","protected":false},"featured_media":460396,"template":"","meta":[],"product_brand":[],"product_cat":[56630],"product_tag":[24964,24965],"class_list":{"0":"post-460397","1":"product","2":"type-product","3":"status-publish","4":"has-post-thumbnail","6":"product_cat-zweden","7":"product_tag-kirkan-sedd-fran-akero","8":"product_tag-leksand","10":"first","11":"instock","12":"shipping-taxable","13":"purchasable","14":"product-type-simple","15":"add-to-wishlist-after_add_to_cart"},"_links":{"self":[{"href":"https:\/\/kristshop.com\/de\/wp-json\/wp\/v2\/product\/460397","targetHints":{"allow":["GET"]}}],"collection":[{"href":"https:\/\/kristshop.com\/de\/wp-json\/wp\/v2\/product"}],"about":[{"href":"https:\/\/kristshop.com\/de\/wp-json\/wp\/v2\/types\/product"}],"wp:featuredmedia":[{"embeddable":true,"href":"https:\/\/kristshop.com\/de\/wp-json\/wp\/v2\/media\/460396"}],"wp:attachment":[{"href":"https:\/\/kristshop.com\/de\/wp-json\/wp\/v2\/media?parent=460397"}],"wp:term":[{"taxonomy":"product_brand","embeddable":true,"href":"https:\/\/kristshop.com\/de\/wp-json\/wp\/v2\/product_brand?post=460397"},{"taxonomy":"product_cat","embeddable":true,"href":"https:\/\/kristshop.com\/de\/wp-json\/wp\/v2\/product_cat?post=460397"},{"taxonomy":"product_tag","embeddable":true,"href":"https:\/\/kristshop.com\/de\/wp-json\/wp\/v2\/product_tag?post=460397"}],"curies":[{"name":"wp","href":"https:\/\/api.w.org\/{rel}","templated":true}]}}